{"id":2444,"date":"2025-01-25T02:58:35","date_gmt":"2025-01-25T02:58:35","guid":{"rendered":"https:\/\/forum.equilibrevital.net\/?page_id=2444"},"modified":"2025-02-09T21:09:56","modified_gmt":"2025-02-09T21:09:56","slug":"ressources-et-outils","status":"publish","type":"page","link":"https:\/\/forum.equilibrevital.net\/index.php\/ressources-et-outils\/","title":{"rendered":"Ressources et Outils"},"content":{"rendered":"\t\t<div data-elementor-type=\"wp-page\" data-elementor-id=\"2444\" class=\"elementor elementor-2444\">\n\t\t\t\t<div class=\"elementor-element elementor-element-0380562 e-flex e-con-boxed e-con e-parent\" data-id=\"0380562\" data-element_type=\"container\" data-e-type=\"container\">\n\t\t\t\t\t<div class=\"e-con-inner\">\n\t\t\t\t<div class=\"elementor-element elementor-element-0aeae72 elementor-widget elementor-widget-html\" data-id=\"0aeae72\" data-element_type=\"widget\" data-e-type=\"widget\" data-widget_type=\"html.default\">\n\t\t\t\t<div class=\"elementor-widget-container\">\n\t\t\t\t\t<!DOCTYPE html>\r\n<html lang=\"fr\">\r\n<head>\r\n    <meta charset=\"UTF-8\">\r\n    <meta name=\"viewport\" content=\"width=device-width, initial-scale=1.0\">\r\n    <title>Liens Utiles<\/title>\r\n    <style>\r\n        \/* Styles de base *\/\r\n        body {\r\n            font-family: Arial, sans-serif;\r\n            margin: 0;\r\n            padding: 0;\r\n            background-color: #f9f9f9;\r\n            color: #333;\r\n        }\r\n        .container {\r\n            width: 90%;\r\n            margin: 0 auto;\r\n            padding: 20px;\r\n        }\r\n        .link-container {\r\n            display: flex;\r\n            flex-wrap: wrap;\r\n            gap: 20px;\r\n            justify-content: space-between;\r\n        }\r\n        .link-block {\r\n            background-color: #f0f0f0;\r\n            border-radius: 8px;\r\n            padding: 20px;\r\n            width: 45%;\r\n            box-shadow: 0 4px 8px rgba(0, 0, 0, 0.1);\r\n            transition: all 0.3s ease;\r\n            margin-bottom: 20px;\r\n        }\r\n        .link-block:hover {\r\n            transform: translateY(-5px);\r\n            box-shadow: 0 6px 12px rgba(0, 0, 0, 0.2);\r\n        }\r\n        .link-block h3 {\r\n            font-size: 1.2rem;\r\n            color: #333;\r\n            margin-bottom: 15px;\r\n        }\r\n        .link-block ul {\r\n            list-style-type: none;\r\n            padding-left: 0;\r\n        }\r\n        .link-block ul li {\r\n            margin: 10px 0;\r\n        }\r\n        .link-block ul li a {\r\n            text-decoration: none;\r\n            color: #007bff;\r\n            font-size: 1rem;\r\n            transition: color 0.3s ease;\r\n        }\r\n        .link-block ul li a:hover {\r\n            color: #0056b3;\r\n        }\r\n\r\n        \/* Menu discret *\/\r\n        .discrete-menu {\r\n            position: fixed;\r\n            top: 0;\r\n            left: 0;\r\n            right: 0;\r\n            background-color: rgba(255, 255, 255, 0.9);\r\n            box-shadow: 0 2px 5px rgba(0, 0, 0, 0.1);\r\n            z-index: 1000;\r\n            padding: 10px 20px;\r\n            display: flex;\r\n            justify-content: center;\r\n            gap: 15px;\r\n            backdrop-filter: blur(5px); \/* Effet de flou *\/\r\n        }\r\n        .discrete-menu a {\r\n            text-decoration: none;\r\n            color: #333;\r\n            font-size: 0.9rem;\r\n            padding: 5px 10px;\r\n            border-radius: 4px;\r\n            transition: background-color 0.3s ease, color 0.3s ease;\r\n        }\r\n        .discrete-menu a:hover {\r\n            background-color: #6b46c1;\r\n            color: white;\r\n        }\r\n\r\n        \/* Responsive *\/\r\n        @media (max-width: 768px) {\r\n            .link-block {\r\n                width: 100%;\r\n            }\r\n            .discrete-menu {\r\n                flex-wrap: wrap;\r\n                gap: 10px;\r\n                padding: 10px;\r\n            }\r\n            .discrete-menu a {\r\n                font-size: 0.8rem;\r\n                padding: 5px;\r\n            }\r\n        }\r\n\r\n        \/* Smooth scrolling *\/\r\n        html {\r\n            scroll-behavior: smooth;\r\n        }\r\n\r\n    <\/style>\r\n<\/head>\r\n<body>\r\n\r\n    <!-- Menu discret -->\r\n    <nav class=\"discrete-menu\" id=\"unique-discrete-menu\">\r\n        <a href=\"#logements-sociaux\">\ud83c\udfe0 Logements sociaux<\/a>\r\n        <a href=\"#droits-personnes\">\u2696\ufe0f Droits des personnes<\/a>\r\n        <a href=\"#entreprises-sociales\">\ud83d\udcbc Entreprises sociales<\/a>\r\n        <a href=\"#secteurs-activites\">\ud83d\udca1 Secteurs d'activit\u00e9s<\/a>\r\n        <a href=\"#sport\">\ud83c\udfc5 Sport<\/a>\r\n        <a href=\"#construction\">\ud83c\udfd7\ufe0f Construction<\/a>\r\n        <a href=\"#logistique\">\ud83d\ude9a Logistique<\/a>\r\n        <a href=\"#communes-bruxelles\">\ud83c\udfd9\ufe0f Communes de Bruxelles<\/a>\r\n    <\/nav>\r\n\r\n    <div class=\"container\" id=\"unique-container\">\r\n        <div class=\"link-container\" id=\"unique-link-container\">\r\n            <!-- Liste des liens de la section -->\r\n            <div class=\"link-block\" id=\"logements-sociaux\">\r\n                <h3>Logements sociaux<\/h3>\r\n                <ul>\r\n                    <li><a href=\"https:\/\/slrb-bghm.brussels\" target=\"_blank\">Soci\u00e9t\u00e9 du Logement de la R\u00e9gion de Bruxelles-Capitale (SLRB)<\/a><\/li>\r\n                    <li><a href=\"https:\/\/cpas-ocmw.anderlecht.be\" target=\"_blank\">Centre Public d'Action Sociale (CPAS) d'Anderlecht<\/a><\/li>\r\n                    <li><a href=\"https:\/\/be.brussels\" target=\"_blank\">Agences Immobili\u00e8res Sociales (AIS)<\/a><\/li>\r\n                <\/ul>\r\n            <\/div>\r\n\r\n            <div class=\"link-block\" id=\"droits-personnes\">\r\n                <h3>Droits des personnes<\/h3>\r\n                <ul>\r\n                    <li><a href=\"https:\/\/liguedh.be\" target=\"_blank\">Ligue des Droits Humains (LDH)<\/a><\/li>\r\n                    <li><a href=\"https:\/\/adde.be\" target=\"_blank\">Association pour le Droit des \u00c9trangers (ADDE)<\/a><\/li>\r\n                    <li><a href=\"https:\/\/droitsquotidiens.be\" target=\"_blank\">Bruxelles Social<\/a><\/li>\r\n                <\/ul>\r\n            <\/div>\r\n\r\n            <div class=\"link-block\" id=\"entreprises-sociales\">\r\n                <h3>Entreprises sociales<\/h3>\r\n                <ul>\r\n                    <li><a href=\"https:\/\/economie.fgov.be\" target=\"_blank\">SPF Economie - Entreprises sociales<\/a><\/li>\r\n                    <li><a href=\"https:\/\/uliege.be\" target=\"_blank\">Centre d\u2019\u00e9conomie sociale de l\u2019Universit\u00e9 de Li\u00e8ge<\/a><\/li>\r\n                <\/ul>\r\n            <\/div>\r\n\r\n            <div class=\"link-block\" id=\"secteurs-activites\">\r\n                <h3>Secteurs d'activit\u00e9s \u00e9conomiques<\/h3>\r\n                <ul>\r\n                    <li><a href=\"https:\/\/economie.fgov.be\" target=\"_blank\">PME par secteur d\u2019activit\u00e9<\/a><\/li>\r\n                    <li><a href=\"https:\/\/economie.fgov.be\" target=\"_blank\">Aper\u00e7u de l\u2019activit\u00e9 \u00e9conomique en Belgique<\/a><\/li>\r\n                    <li><a href=\"https:\/\/economie.fgov.be\" target=\"_blank\">Panorama sectoriel 2023 - Aper\u00e7u 2022<\/a><\/li>\r\n                <\/ul>\r\n            <\/div>\r\n\r\n            <div class=\"link-block\" id=\"sport\">\r\n                <h3>Sport<\/h3>\r\n                <ul>\r\n                    <li><a href=\"https:\/\/sport.vlaanderen\" target=\"_blank\">Sport Vlaanderen<\/a><\/li>\r\n                    <li><a href=\"https:\/\/www.bruxelles.be\/sport\" target=\"_blank\">Bruxelles - Sport<\/a><\/li>\r\n                    <li><a href=\"https:\/\/sport.brussels\/clubs\/\" target=\"_blank\">Clubs Sportifs \u00e0 Bruxelles<\/a><\/li>\r\n                    <li><a href=\"https:\/\/www.visit.brussels\/fr\/visiteurs\/que-faire\/bruxelles-pour-les-amateurs-de-sport\" target=\"_blank\">Bruxelles pour les amateurs de sport<\/a><\/li>\r\n                    <li><a href=\"https:\/\/be.brussels\/fr\/loisirs-evenements-sports\/faire-du-sport\" target=\"_blank\">Faire du sport \u00e0 Bruxelles<\/a><\/li>\r\n                    <li><a href=\"https:\/\/www.bruxelles.be\/departement-culture-sport-et-jeunesse\" target=\"_blank\">D\u00e9partement Culture, Sport et Jeunesse<\/a><\/li>\r\n                <\/ul>\r\n            <\/div>\r\n\r\n            <div class=\"link-block\" id=\"construction\">\r\n                <h3>Construction<\/h3>\r\n                <ul>\r\n                    <li><a href=\"https:\/\/confederationconstruction.be\" target=\"_blank\">Conf\u00e9d\u00e9ration Construction<\/a><\/li>\r\n                <\/ul>\r\n            <\/div>\r\n\r\n            <div class=\"link-block\" id=\"logistique\">\r\n                <h3>Logistique<\/h3>\r\n                <ul>\r\n                    <li><a href=\"https:\/\/logisticsinwallonia.be\" target=\"_blank\">Logistics in Wallonia<\/a><\/li>\r\n                <\/ul>\r\n            <\/div>\r\n\r\n            <div class=\"link-block\" id=\"communes-bruxelles\">\r\n                <h3>Communes de Bruxelles<\/h3>\r\n                <ul>\r\n                    <li><a href=\"https:\/\/bruxelles.be\" target=\"_blank\">Bruxelles-Ville<\/a><\/li>\r\n                    <li><a href=\"https:\/\/ixelles.be\" target=\"_blank\">Ixelles<\/a><\/li>\r\n                    <li><a href=\"https:\/\/etterbeek.be\" target=\"_blank\">Etterbeek<\/a><\/li>\r\n                    <li><a href=\"https:\/\/schaerbeek.be\" target=\"_blank\">Schaerbeek<\/a><\/li>\r\n                    <li><a href=\"https:\/\/anderlecht.be\" target=\"_blank\">Anderlecht<\/a><\/li>\r\n                    <li><a href=\"https:\/\/stgilles.be\" target=\"_blank\">Saint-Gilles<\/a><\/li>\r\n                    <li><a href=\"https:\/\/molenbeek.be\" target=\"_blank\">Molenbeek-Saint-Jean<\/a><\/li>\r\n                    <li><a href=\"https:\/\/uccle.be\" target=\"_blank\">Uccle<\/a><\/li>\r\n                    <li><a href=\"https:\/\/jodoigne.be\" target=\"_blank\">Jodoigne<\/a><\/li>\r\n                    <li><a href=\"https:\/\/watermael-boitsfort.be\" target=\"_blank\">Watermael-Boitsfort<\/a><\/li>\r\n                    <li><a href=\"https:\/\/woluwe1150.be\" target=\"_blank\">Woluwe-Saint-Lambert<\/a><\/li>\r\n                    <li><a href=\"https:\/\/woluwe1200.be\" target=\"_blank\">Woluwe-Saint-Pierre<\/a><\/li>\r\n                    <li><a href=\"https:\/\/evere.be\" target=\"_blank\">Evere<\/a><\/li>\r\n                    <li><a href=\"https:\/\/koekelberg.be\" target=\"_blank\">Koekelberg<\/a><\/li>\r\n                    <li><a href=\"https:\/\/forest.brussels\" target=\"_blank\">Forest<\/a><\/li>\r\n                    <li><a href=\"https:\/\/auderghem.be\" target=\"_blank\">Auderghem<\/a><\/li>\r\n                    <li><a href=\"https:\/\/berchem.be\" target=\"_blank\">Berchem-Sainte-Agathe<\/a><\/li>\r\n                    <li><a href=\"https:\/\/stjossetennoode.brussels\" target=\"_blank\">Saint-Josse-ten-Noode<\/a><\/li>\r\n                <\/ul>\r\n            <\/div>\r\n        <\/div>\r\n    <\/div>\r\n\r\n<\/body>\r\n<\/html>\r\n\t\t\t\t<\/div>\n\t\t\t\t<\/div>\n\t\t\t\t\t<\/div>\n\t\t\t\t<\/div>\n\t\t\t\t<\/div>\n\t\t","protected":false},"excerpt":{"rendered":"<p>Liens Utiles \ud83c\udfe0 Logements sociaux \u2696\ufe0f Droits des personnes \ud83d\udcbc Entreprises sociales \ud83d\udca1 Secteurs d&#8217;activit\u00e9s \ud83c\udfc5 Sport \ud83c\udfd7\ufe0f Construction \ud83d\ude9a Logistique \ud83c\udfd9\ufe0f Communes de Bruxelles Logements sociaux Soci\u00e9t\u00e9 du Logement de la R\u00e9gion de Bruxelles-Capitale (SLRB) Centre Public d&#8217;Action Sociale (CPAS) d&#8217;Anderlecht Agences Immobili\u00e8res Sociales (AIS) Droits des personnes Ligue des Droits Humains (LDH) Association [&hellip;]<\/p>\n","protected":false},"author":1,"featured_media":0,"parent":0,"menu_order":0,"comment_status":"closed","ping_status":"closed","template":"","meta":{"_bbp_topic_count":0,"_bbp_reply_count":0,"_bbp_total_topic_count":0,"_bbp_total_reply_count":0,"_bbp_voice_count":0,"_bbp_anonymous_reply_count":0,"_bbp_topic_count_hidden":0,"_bbp_reply_count_hidden":0,"_bbp_forum_subforum_count":0,"footnotes":""},"class_list":["post-2444","page","type-page","status-publish","hentry"],"_links":{"self":[{"href":"https:\/\/forum.equilibrevital.net\/index.php\/wp-json\/wp\/v2\/pages\/2444","targetHints":{"allow":["GET"]}}],"collection":[{"href":"https:\/\/forum.equilibrevital.net\/index.php\/wp-json\/wp\/v2\/pages"}],"about":[{"href":"https:\/\/forum.equilibrevital.net\/index.php\/wp-json\/wp\/v2\/types\/page"}],"author":[{"embeddable":true,"href":"https:\/\/forum.equilibrevital.net\/index.php\/wp-json\/wp\/v2\/users\/1"}],"replies":[{"embeddable":true,"href":"https:\/\/forum.equilibrevital.net\/index.php\/wp-json\/wp\/v2\/comments?post=2444"}],"version-history":[{"count":40,"href":"https:\/\/forum.equilibrevital.net\/index.php\/wp-json\/wp\/v2\/pages\/2444\/revisions"}],"predecessor-version":[{"id":3138,"href":"https:\/\/forum.equilibrevital.net\/index.php\/wp-json\/wp\/v2\/pages\/2444\/revisions\/3138"}],"wp:attachment":[{"href":"https:\/\/forum.equilibrevital.net\/index.php\/wp-json\/wp\/v2\/media?parent=2444"}],"curies":[{"name":"wp","href":"https:\/\/api.w.org\/{rel}","templated":true}]}}