{"id":2526,"date":"2025-01-26T00:19:49","date_gmt":"2025-01-26T00:19:49","guid":{"rendered":"https:\/\/forum.equilibrevital.net\/?page_id=2526"},"modified":"2025-02-10T23:35:49","modified_gmt":"2025-02-10T23:35:49","slug":"ecoles-a-bruxelles","status":"publish","type":"page","link":"https:\/\/forum.equilibrevital.net\/index.php\/ecoles-a-bruxelles\/","title":{"rendered":"\u00c9coles \u00e0 Bruxelles"},"content":{"rendered":"\t\t<div data-elementor-type=\"wp-page\" data-elementor-id=\"2526\" class=\"elementor elementor-2526\">\n\t\t\t\t<div class=\"elementor-element elementor-element-716ac98 e-con-full e-flex e-con e-parent\" data-id=\"716ac98\" data-element_type=\"container\" data-e-type=\"container\">\n\t\t\t\t<div class=\"elementor-element elementor-element-8d5dc46 elementor-widget elementor-widget-html\" data-id=\"8d5dc46\" data-element_type=\"widget\" data-e-type=\"widget\" data-widget_type=\"html.default\">\n\t\t\t\t<div class=\"elementor-widget-container\">\n\t\t\t\t\t<!DOCTYPE html>\r\n<html lang=\"fr\">\r\n<head>\r\n    <meta charset=\"UTF-8\">\r\n    <meta name=\"viewport\" content=\"width=device-width, initial-scale=1.0\">\r\n    <title>Syst\u00e8me \u00c9ducatif en Belgique - Bruxelles<\/title>\r\n    <script src=\"https:\/\/cdn.tailwindcss.com\"><\/script>\r\n    <style>\r\n        @keyframes bounce {\r\n            0%, 20%, 50%, 80%, 100% {\r\n                transform: translateY(0);\r\n            }\r\n            40% {\r\n                transform: translateY(-15px);\r\n            }\r\n            60% {\r\n                transform: translateY(-10px);\r\n            }\r\n        }\r\n\r\n        .icon {\r\n            display: inline-block;\r\n            font-size: 2rem;\r\n            cursor: pointer;\r\n            margin-right: 10px;\r\n            transition: transform 0.3s;\r\n        }\r\n\r\n        .icon-bounce {\r\n            animation: bounce 1s infinite;\r\n        }\r\n\r\n        .icon:hover {\r\n            transform: scale(1.2);\r\n        }\r\n\r\n        .section-content {\r\n            display: none;\r\n            margin-top: 10px;\r\n        }\r\n\r\n        .section-content.visible {\r\n            display: block;\r\n        }\r\n\r\n        .content {\r\n            max-width: 800px;\r\n            margin: 50px auto;\r\n            padding: 20px;\r\n            background: white;\r\n            box-shadow: 0 4px 10px rgba(0, 0, 0, 0.1);\r\n            border-radius: 8px;\r\n        }\r\n\r\n        .section {\r\n            margin-bottom: 30px;\r\n            padding: 20px;\r\n            border-radius: 8px;\r\n            background: #f9f9f9;\r\n            box-shadow: 0 2px 5px rgba(0, 0, 0, 0.1);\r\n            transition: background-color 0.3s ease;\r\n        }\r\n\r\n        .section-title {\r\n            display: flex;\r\n            align-items: center;\r\n            font-size: 1.25rem;\r\n            font-weight: bold;\r\n            color: #4A3C99;\r\n        }\r\n\r\n        .section-number {\r\n            width: 30px;\r\n            height: 30px;\r\n            margin-right: 15px;\r\n            border-radius: 50%;\r\n            background-color: #6b21a8;\r\n            color: white;\r\n            display: flex;\r\n            justify-content: center;\r\n            align-items: center;\r\n            font-size: 1.25rem;\r\n        }\r\n\r\n        p, ul {\r\n            line-height: 1.6;\r\n            font-size: 1rem;\r\n            color: #555;\r\n        }\r\n\r\n        ul {\r\n            padding-left: 20px;\r\n        }\r\n\r\n        li {\r\n            margin-bottom: 10px;\r\n        }\r\n    <\/style>\r\n<\/head>\r\n<body class=\"bg-gray-100\">\r\n    <div class=\"content\">\r\n        <h1>Syst\u00e8me \u00c9ducatif en Belgique - Bruxelles<\/h1>\r\n\r\n        <div id=\"types-ecoles\" class=\"section\">\r\n            <div class=\"section-title\">\r\n                <div class=\"section-number\">1<\/div>\r\n                <h3><span class=\"icon\" onclick=\"toggleSection('types-ecolesContent')\">\ud83c\udfeb<\/span> Types d'\u00c9coles<\/h3>\r\n            <\/div>\r\n            <div id=\"types-ecolesContent\" class=\"section-content\">\r\n                <p>Le syst\u00e8me \u00e9ducatif en Belgique est structur\u00e9 pour offrir une diversit\u00e9 d'options d'\u00e9ducation en fonction de la langue, du type d'enseignement et des orientations sp\u00e9cifiques.<\/p>\r\n                <ul>\r\n                    <li><strong>\u00c9coles Maternelles et Primaires<\/strong><\/li>\r\n                    <ul>\r\n                        <li><strong>Francophones :<\/strong> Enseignement en fran\u00e7ais suivant le programme de l'enseignement fondamental. Lien utile : <a href=\"http:\/\/www.enseignement.be\/\" target=\"_blank\">F\u00e9d\u00e9ration Wallonie-Bruxelles<\/a><\/li>\r\n                        <li><strong>N\u00e9erlandophones :<\/strong> Enseignement en n\u00e9erlandais. Lien utile : <a href=\"https:\/\/onderwijs.vlaanderen.be\/\" target=\"_blank\">Vlaamse Gemeenschap<\/a><\/li>\r\n                        <li><strong>Bilingues :<\/strong> Enseignement en fran\u00e7ais et n\u00e9erlandais. Exemple : <a href=\"https:\/\/www.eeb1.com\/\" target=\"_blank\">\u00c9cole Europ\u00e9enne de Bruxelles I<\/a><\/li>\r\n                    <\/ul>\r\n                    <li><strong>\u00c9coles Secondaires<\/strong><\/li>\r\n                    <ul>\r\n                        <li><strong>Francophones :<\/strong> Enseignement secondaire en fran\u00e7ais. Lien utile : <a href=\"http:\/\/www.enseignement.be\/\" target=\"_blank\">Services de l'enseignement secondaire<\/a><\/li>\r\n                        <li><strong>N\u00e9erlandophones :<\/strong> Enseignement secondaire en n\u00e9erlandais. Lien utile : <a href=\"https:\/\/onderwijs.vlaanderen.be\/\" target=\"_blank\">Vlaamse Onderwijsraad<\/a><\/li>\r\n                        <li><strong>Bilingues :<\/strong> Alternance des langues pour ma\u00eetriser les deux langues officielles. Exemple : <a href=\"https:\/\/www.eeb2.eu\/\" target=\"_blank\">\u00c9cole Europ\u00e9enne de Bruxelles II<\/a><\/li>\r\n                    <\/ul>\r\n                <\/ul>\r\n            <\/div>\r\n        <\/div>\r\n\r\n        <div id=\"regles-reglementations\" class=\"section\">\r\n            <div class=\"section-title\">\r\n                <div class=\"section-number\">2<\/div>\r\n                <h3><span class=\"icon\" onclick=\"toggleSection('regles-reglementationsContent')\">\ud83d\udcdc<\/span> R\u00e8gles et R\u00e9glementations<\/h3>\r\n            <\/div>\r\n            <div id=\"regles-reglementationsContent\" class=\"section-content\">\r\n                <ul>\r\n                    <li><strong>Secteurs et Zones d'Enseignement \u00e0 Bruxelles<\/strong><\/li>\r\n                    <ul>\r\n                        <li><strong>Secteur 1 :<\/strong> Centre-ville de Bruxelles avec des \u00e9coles publiques et priv\u00e9es.<\/li>\r\n                        <li><strong>Secteur 2 :<\/strong> Quartiers r\u00e9sidentiels avec des \u00e9coles vari\u00e9es, dont bilingues.<\/li>\r\n                        <li><strong>Secteur 3 :<\/strong> Zones industrielles \u00e9loign\u00e9es des centres \u00e9ducatifs.<\/li>\r\n                        <li><strong>Secteur 4 :<\/strong> Zones r\u00e9sidentielles avec des parcs propices \u00e0 l\u2019apprentissage.<\/li>\r\n                    <\/ul>\r\n                <\/ul>\r\n            <\/div>\r\n        <\/div>\r\n\r\n        <div id=\"ressources-pedagogiques\" class=\"section\">\r\n            <div class=\"section-title\">\r\n                <div class=\"section-number\">3<\/div>\r\n                <h3><span class=\"icon\" onclick=\"toggleSection('ressources-pedagogiquesContent')\">\ud83d\udcda<\/span> Ressources P\u00e9dagogiques<\/h3>\r\n            <\/div>\r\n            <div id=\"ressources-pedagogiquesContent\" class=\"section-content\">\r\n                <ul>\r\n                    <li><strong>Biblioth\u00e8ques :<\/strong> Les biblioth\u00e8ques de Bruxelles offrent des ressources p\u00e9dagogiques essentielles pour les \u00e9l\u00e8ves. Lien utile : <a href=\"https:\/\/www.bruxelles.be\/bibliotheque-de-la-ville-de-bruxelles\" target=\"_blank\">Biblioth\u00e8que de la Ville de Bruxelles<\/a><\/li>\r\n                    <li><strong>Plateformes Num\u00e9riques :<\/strong> Les \u00e9coles utilisent des plateformes num\u00e9riques pour enrichir l'enseignement. Exemple : <a href=\"https:\/\/framapad.org\/\" target=\"_blank\">Framapad<\/a><\/li>\r\n                    <li><strong>Ateliers et Clubs :<\/strong> Des ateliers pour d\u00e9velopper des comp\u00e9tences sp\u00e9cifiques comme la musique, les sciences, etc. Exemple : <a href=\"https:\/\/www.brusselsyouthservice.be\/\" target=\"_blank\">Brussels Youth Service<\/a><\/li>\r\n                    <li><strong>\u00c9v\u00e9nements Culturels :<\/strong> Bruxelles organise des \u00e9v\u00e9nements culturels pour encourager la d\u00e9couverte. Exemple : <a href=\"https:\/\/www.brusselsculturalcentre.be\/\" target=\"_blank\">Brussels Cultural Centre<\/a><\/li>\r\n                <\/ul>\r\n            <\/div>\r\n        <\/div>\r\n\r\n        <div id=\"liens-utiles\" class=\"section\">\r\n            <div class=\"section-title\">\r\n                <div class=\"section-number\">4<\/div>\r\n                <h3><span class=\"icon\" onclick=\"toggleSection('liens-utilesContent')\">\ud83d\udd17<\/span> Outils de Lien Utiles<\/h3>\r\n            <\/div>\r\n            <div id=\"liens-utilesContent\" class=\"section-content\">\r\n                <ul>\r\n                    <li><a href=\"http:\/\/www.enseignement.be\/\" target=\"_blank\">F\u00e9d\u00e9ration Wallonie-Bruxelles<\/a><\/li>\r\n                    <li><a href=\"https:\/\/onderwijs.vlaanderen.be\/\" target=\"_blank\">Vlaamse Onderwijsraad<\/a><\/li>\r\n                    <li><a href=\"https:\/\/www.brusselseducation.be\/\" target=\"_blank\">Brussels Education Portal<\/a><\/li>\r\n                    <li><a href=\"https:\/\/www.eeb1.com\/\" target=\"_blank\">\u00c9cole Europ\u00e9enne de Bruxelles I<\/a><\/li>\r\n                    <li><a href=\"https:\/\/www.ara-ba.be\/\" target=\"_blank\">Acad\u00e9mie Royale des Beaux-Arts de Bruxelles<\/a><\/li>\r\n                <\/ul>\r\n            <\/div>\r\n        <\/div>\r\n    <\/div>\r\n\r\n    <script>\r\n        function toggleSection(id) {\r\n            const section = document.getElementById(id);\r\n            section.classList.toggle('visible');\r\n        }\r\n\r\n        function animateIconsSequentially() {\r\n            const icons = document.querySelectorAll('.icon');\r\n                let delay = 0;\r\n                icons.forEach(icon => {\r\n                    setTimeout(() => {\r\n                        icon.classList.add('icon-bounce');\r\n                    }, delay);\r\n                    delay += 2000; \/\/ Ajouter un d\u00e9lai de 2 secondes entre chaque animation\r\n                });\r\n            }\r\n\r\n            window.onload = function() {\r\n                animateIconsSequentially();\r\n            }\r\n        <\/script>\r\n    <\/body>\r\n<\/html>\r\n\t\t\t\t<\/div>\n\t\t\t\t<\/div>\n\t\t\t\t<\/div>\n\t\t\t\t<\/div>\n\t\t","protected":false},"excerpt":{"rendered":"<p>Syst\u00e8me \u00c9ducatif en Belgique &#8211; Bruxelles Syst\u00e8me \u00c9ducatif en Belgique &#8211; Bruxelles 1 \ud83c\udfeb Types d&#8217;\u00c9coles Le syst\u00e8me \u00e9ducatif en Belgique est structur\u00e9 pour offrir une diversit\u00e9 d&#8217;options d&#8217;\u00e9ducation en fonction de la langue, du type d&#8217;enseignement et des orientations sp\u00e9cifiques. \u00c9coles Maternelles et Primaires Francophones : Enseignement en fran\u00e7ais suivant le programme de l&#8217;enseignement [&hellip;]<\/p>\n","protected":false},"author":1,"featured_media":0,"parent":0,"menu_order":0,"comment_status":"closed","ping_status":"closed","template":"","meta":{"_bbp_topic_count":0,"_bbp_reply_count":0,"_bbp_total_topic_count":0,"_bbp_total_reply_count":0,"_bbp_voice_count":0,"_bbp_anonymous_reply_count":0,"_bbp_topic_count_hidden":0,"_bbp_reply_count_hidden":0,"_bbp_forum_subforum_count":0,"footnotes":""},"class_list":["post-2526","page","type-page","status-publish","hentry"],"_links":{"self":[{"href":"https:\/\/forum.equilibrevital.net\/index.php\/wp-json\/wp\/v2\/pages\/2526","targetHints":{"allow":["GET"]}}],"collection":[{"href":"https:\/\/forum.equilibrevital.net\/index.php\/wp-json\/wp\/v2\/pages"}],"about":[{"href":"https:\/\/forum.equilibrevital.net\/index.php\/wp-json\/wp\/v2\/types\/page"}],"author":[{"embeddable":true,"href":"https:\/\/forum.equilibrevital.net\/index.php\/wp-json\/wp\/v2\/users\/1"}],"replies":[{"embeddable":true,"href":"https:\/\/forum.equilibrevital.net\/index.php\/wp-json\/wp\/v2\/comments?post=2526"}],"version-history":[{"count":37,"href":"https:\/\/forum.equilibrevital.net\/index.php\/wp-json\/wp\/v2\/pages\/2526\/revisions"}],"predecessor-version":[{"id":3229,"href":"https:\/\/forum.equilibrevital.net\/index.php\/wp-json\/wp\/v2\/pages\/2526\/revisions\/3229"}],"wp:attachment":[{"href":"https:\/\/forum.equilibrevital.net\/index.php\/wp-json\/wp\/v2\/media?parent=2526"}],"curies":[{"name":"wp","href":"https:\/\/api.w.org\/{rel}","templated":true}]}}