{"id":2982,"date":"2025-02-08T23:54:24","date_gmt":"2025-02-08T23:54:24","guid":{"rendered":"https:\/\/forum.equilibrevital.net\/?page_id=2982"},"modified":"2025-02-10T23:38:14","modified_gmt":"2025-02-10T23:38:14","slug":"guides","status":"publish","type":"page","link":"https:\/\/forum.equilibrevital.net\/index.php\/guides\/","title":{"rendered":"Guides"},"content":{"rendered":"\t\t<div data-elementor-type=\"wp-page\" data-elementor-id=\"2982\" class=\"elementor elementor-2982\">\n\t\t\t\t<div class=\"elementor-element elementor-element-0fa20ee e-flex e-con-boxed e-con e-parent\" data-id=\"0fa20ee\" data-element_type=\"container\" data-e-type=\"container\">\n\t\t\t\t\t<div class=\"e-con-inner\">\n\t\t\t\t<div class=\"elementor-element elementor-element-95627a7 elementor-widget elementor-widget-html\" data-id=\"95627a7\" data-element_type=\"widget\" data-e-type=\"widget\" data-widget_type=\"html.default\">\n\t\t\t\t<div class=\"elementor-widget-container\">\n\t\t\t\t\t <!DOCTYPE html>\r\n<html lang=\"fr\">\r\n<head>\r\n    <meta charset=\"UTF-8\">\r\n    <meta name=\"viewport\" content=\"width=device-width, initial-scale=1.0\">\r\n    <title>Guide d'Inscription<\/title>\r\n    <script src=\"https:\/\/cdn.tailwindcss.com\"><\/script>\r\n    <style>\r\n        @keyframes bounce {\r\n            0%, 20%, 50%, 80%, 100% {\r\n                transform: translateY(0);\r\n            }\r\n            40% {\r\n                transform: translateY(-15px);\r\n            }\r\n            60% {\r\n                transform: translateY(-10px);\r\n            }\r\n        }\r\n\r\n        .icon {\r\n            display: inline-block;\r\n            font-size: 2rem;\r\n            cursor: pointer;\r\n            margin-right: 10px;\r\n            transition: transform 0.3s;\r\n        }\r\n\r\n        .icon-bounce {\r\n            animation: bounce 1s infinite;\r\n        }\r\n\r\n        .icon:hover {\r\n            transform: scale(1.2);\r\n        }\r\n\r\n        .section-content {\r\n            display: none;\r\n            margin-top: 10px;\r\n        }\r\n\r\n        .section-content.visible {\r\n            display: block;\r\n        }\r\n\r\n        .content {\r\n            max-width: 800px;\r\n            margin: 50px auto;\r\n            padding: 20px;\r\n            background: white;\r\n            box-shadow: 0 4px 10px rgba(0, 0, 0, 0.1);\r\n            border-radius: 8px;\r\n        }\r\n\r\n        .section {\r\n            margin-bottom: 30px;\r\n            padding: 20px;\r\n            border-radius: 8px;\r\n            background: #f9f9f9;\r\n            box-shadow: 0 2px 5px rgba(0, 0, 0, 0.1);\r\n            transition: background-color 0.3s ease;\r\n        }\r\n\r\n        .section-title {\r\n            display: flex;\r\n            align-items: center;\r\n            font-size: 1.25rem;\r\n            font-weight: bold;\r\n            color: #4A3C99;\r\n        }\r\n\r\n        .section-number {\r\n            width: 30px;\r\n            height: 30px;\r\n            margin-right: 15px;\r\n            border-radius: 50%;\r\n            background-color: #6b21a8;\r\n            color: white;\r\n            display: flex;\r\n            justify-content: center;\r\n            align-items: center;\r\n            font-size: 1.25rem;\r\n        }\r\n\r\n        p {\r\n            line-height: 1.6;\r\n            font-size: 1rem;\r\n            color: #555;\r\n        }\r\n\r\n        ul {\r\n            padding-left: 20px;\r\n        }\r\n\r\n        li {\r\n            margin-bottom: 10px;\r\n        }\r\n    <\/style>\r\n<\/head>\r\n<body class=\"bg-gray-100\">\r\n    <div class=\"content\">\r\n        <h1>Guide d'Inscription<\/h1>\r\n\r\n        <div id=\"comment-sinscrire\" class=\"section\">\r\n            <div class=\"section-title\">\r\n                <div class=\"section-number\">1<\/div>\r\n                <h3><span class=\"icon\" onclick=\"toggleSection('comment-sinscrireContent')\">\ud83d\udcdd<\/span> Comment s'inscrire<\/h3>\r\n            <\/div>\r\n            <div id=\"comment-sinscrireContent\" class=\"section-content\">\r\n                <p>Rendez-vous sur la page d'accueil et cliquez sur \"S'enregistrer\".<\/p>\r\n            <\/div>\r\n        <\/div>\r\n\r\n        <div id=\"details-compte\" class=\"section\">\r\n            <div class=\"section-title\">\r\n                <div class=\"section-number\">2<\/div>\r\n                <h3><span class=\"icon\" onclick=\"toggleSection('details-compteContent')\">\ud83d\udd10<\/span> D\u00e9tails du Compte<\/h3>\r\n            <\/div>\r\n            <div id=\"details-compteContent\" class=\"section-content\">\r\n                <ul>\r\n                    <li><strong>Nom d\u2019utilisateur :<\/strong> Unique pour se connecter.<\/li>\r\n                    <li><strong>Email :<\/strong> Une adresse valide pour v\u00e9rification.<\/li>\r\n                    <li><strong>Mot de passe :<\/strong> Au moins 12 caract\u00e8res, avec majuscules, chiffres et symboles.<\/li>\r\n                <\/ul>\r\n            <\/div>\r\n        <\/div>\r\n\r\n        <div id=\"details-profil\" class=\"section\">\r\n            <div class=\"section-title\">\r\n                <div class=\"section-number\">3<\/div>\r\n                <h3><span class=\"icon\" onclick=\"toggleSection('details-profilContent')\">\ud83d\udccb<\/span> D\u00e9tails du Profil<\/h3>\r\n            <\/div>\r\n            <div id=\"details-profilContent\" class=\"section-content\">\r\n                <p>Entrez votre nom et d'autres informations visibles par les autres membres.<\/p>\r\n            <\/div>\r\n        <\/div>\r\n\r\n        <div id=\"confidentialite\" class=\"section\">\r\n            <div class=\"section-title\">\r\n                <div class=\"section-number\">4<\/div>\r\n                <h3><span class=\"icon\" onclick=\"toggleSection('confidentialiteContent')\">\ud83d\udee1\ufe0f<\/span> Politique de Confidentialit\u00e9<\/h3>\r\n            <\/div>\r\n            <div id=\"confidentialiteContent\" class=\"section-content\">\r\n                <p>Cochez la case pour accepter nos conditions d'utilisation.<\/p>\r\n            <\/div>\r\n        <\/div>\r\n\r\n        <div id=\"validation\" class=\"section\">\r\n            <div class=\"section-title\">\r\n                <div class=\"section-number\">5<\/div>\r\n                <h3><span class=\"icon\" onclick=\"toggleSection('validationContent')\">\u2714\ufe0f<\/span> Validation de l'Inscription<\/h3>\r\n            <\/div>\r\n            <div id=\"validationContent\" class=\"section-content\">\r\n                <p>Un email de confirmation vous sera envoy\u00e9. V\u00e9rifiez votre bo\u00eete de r\u00e9ception et vos spams.<\/p>\r\n            <\/div>\r\n        <\/div>\r\n\r\n        <div id=\"confirmation-email\" class=\"section\">\r\n            <div class=\"section-title\">\r\n                <div class=\"section-number\">6<\/div>\r\n                <h3><span class=\"icon\" onclick=\"toggleSection('confirmation-emailContent')\">\ud83d\udce7<\/span> Confirmation de l'E-mail<\/h3>\r\n            <\/div>\r\n            <div id=\"confirmation-emailContent\" class=\"section-content\">\r\n                <p>Vous recevrez un e-mail contenant un lien pour v\u00e9rifier votre adresse e-mail. Cliquez sur ce lien pour activer votre compte.<\/p>\r\n            <\/div>\r\n        <\/div>\r\n\r\n        <div id=\"activation\" class=\"section\">\r\n            <div class=\"section-title\">\r\n                <div class=\"section-number\">7<\/div>\r\n                <h3><span class=\"icon\" onclick=\"toggleSection('activationContent')\">\ud83d\udd13<\/span> Activation du Compte<\/h3>\r\n            <\/div>\r\n            <div id=\"activationContent\" class=\"section-content\">\r\n                <p>Dans l'e-mail de confirmation, cliquez sur \"Activer\" ou copiez et collez le code fourni dans le champ d\u00e9di\u00e9.<\/p>\r\n            <\/div>\r\n        <\/div>\r\n\r\n        <div id=\"bienvenue\" class=\"section\">\r\n            <div class=\"section-title\">\r\n                <div class=\"section-number\">8<\/div>\r\n                <h3><span class=\"icon\" onclick=\"toggleSection('bienvenueContent')\">\ud83d\udc4b<\/span> Bienvenue et Premi\u00e8re Connexion<\/h3>\r\n            <\/div>\r\n            <div id=\"bienvenueContent\" class=\"section-content\">\r\n                <p>Apr\u00e8s activation, vous recevrez un e-mail de bienvenue avec des instructions pour compl\u00e9ter votre profil.<\/p>\r\n            <\/div>\r\n        <\/div>\r\n    <\/div>\r\n\r\n    <script>\r\n        function toggleSection(id) {\r\n            const section = document.getElementById(id);\r\n            section.classList.toggle('visible');\r\n        }\r\n\r\n        function animateIconsSequentially() {\r\n            const icons = document.querySelectorAll('.icon');\r\n            let delay = 0;\r\n            icons.forEach(icon => {\r\n                setTimeout(() => {\r\n                    icon.classList.add('icon-bounce');\r\n                }, delay);\r\n                delay += 2000; \/\/ Ajouter un d\u00e9lai de 2 secondes entre chaque animation\r\n            });\r\n        }\r\n\r\n        window.onload = function() {\r\n            animateIconsSequentially();\r\n        }\r\n    <\/script>\r\n<\/body>\r\n<\/html>\r\n\t\t\t\t<\/div>\n\t\t\t\t<\/div>\n\t\t\t\t\t<\/div>\n\t\t\t\t<\/div>\n\t\t\t\t<\/div>\n\t\t","protected":false},"excerpt":{"rendered":"<p>Guide d&#8217;Inscription Guide d&#8217;Inscription 1 \ud83d\udcdd Comment s&#8217;inscrire Rendez-vous sur la page d&#8217;accueil et cliquez sur &#8220;S&#8217;enregistrer&#8221;. 2 \ud83d\udd10 D\u00e9tails du Compte Nom d\u2019utilisateur : Unique pour se connecter. Email : Une adresse valide pour v\u00e9rification. Mot de passe : Au moins 12 caract\u00e8res, avec majuscules, chiffres et symboles. 3 \ud83d\udccb D\u00e9tails du Profil Entrez [&hellip;]<\/p>\n","protected":false},"author":1,"featured_media":0,"parent":0,"menu_order":0,"comment_status":"closed","ping_status":"closed","template":"","meta":{"_bbp_topic_count":0,"_bbp_reply_count":0,"_bbp_total_topic_count":0,"_bbp_total_reply_count":0,"_bbp_voice_count":0,"_bbp_anonymous_reply_count":0,"_bbp_topic_count_hidden":0,"_bbp_reply_count_hidden":0,"_bbp_forum_subforum_count":0,"footnotes":""},"class_list":["post-2982","page","type-page","status-publish","hentry"],"_links":{"self":[{"href":"https:\/\/forum.equilibrevital.net\/index.php\/wp-json\/wp\/v2\/pages\/2982","targetHints":{"allow":["GET"]}}],"collection":[{"href":"https:\/\/forum.equilibrevital.net\/index.php\/wp-json\/wp\/v2\/pages"}],"about":[{"href":"https:\/\/forum.equilibrevital.net\/index.php\/wp-json\/wp\/v2\/types\/page"}],"author":[{"embeddable":true,"href":"https:\/\/forum.equilibrevital.net\/index.php\/wp-json\/wp\/v2\/users\/1"}],"replies":[{"embeddable":true,"href":"https:\/\/forum.equilibrevital.net\/index.php\/wp-json\/wp\/v2\/comments?post=2982"}],"version-history":[{"count":19,"href":"https:\/\/forum.equilibrevital.net\/index.php\/wp-json\/wp\/v2\/pages\/2982\/revisions"}],"predecessor-version":[{"id":3233,"href":"https:\/\/forum.equilibrevital.net\/index.php\/wp-json\/wp\/v2\/pages\/2982\/revisions\/3233"}],"wp:attachment":[{"href":"https:\/\/forum.equilibrevital.net\/index.php\/wp-json\/wp\/v2\/media?parent=2982"}],"curies":[{"name":"wp","href":"https:\/\/api.w.org\/{rel}","templated":true}]}}