{"id":897,"date":"2025-01-22T08:43:47","date_gmt":"2025-01-22T08:43:47","guid":{"rendered":"https:\/\/forum.equilibrevital.net\/?page_id=897"},"modified":"2025-02-18T09:10:21","modified_gmt":"2025-02-18T09:10:21","slug":"reglement-du-forum","status":"publish","type":"page","link":"https:\/\/forum.equilibrevital.net\/index.php\/reglement-du-forum\/","title":{"rendered":"R\u00e8glement du forum"},"content":{"rendered":"\t\t<div data-elementor-type=\"wp-page\" data-elementor-id=\"897\" class=\"elementor elementor-897\">\n\t\t\t\t<div class=\"elementor-element elementor-element-f599ddc e-flex e-con-boxed e-con e-parent\" data-id=\"f599ddc\" data-element_type=\"container\" data-e-type=\"container\">\n\t\t\t\t\t<div class=\"e-con-inner\">\n\t\t\t\t<div class=\"elementor-element elementor-element-86ff94e elementor-widget elementor-widget-html\" data-id=\"86ff94e\" data-element_type=\"widget\" data-e-type=\"widget\" data-widget_type=\"html.default\">\n\t\t\t\t<div class=\"elementor-widget-container\">\n\t\t\t\t\t<!DOCTYPE html>\n<html lang=\"fr\">\n<head>\n    <meta charset=\"UTF-8\">\n    <meta name=\"viewport\" content=\"width=device-width, initial-scale=1.0\">\n    <title>R\u00e8glement du Forum<\/title>\n    <script src=\"https:\/\/cdn.tailwindcss.com\"><\/script>\n    <style>\n        @keyframes bounce {\n            0%, 20%, 50%, 80%, 100% {\n                transform: translateY(0);\n            }\n            40% {\n                transform: translateY(-15px);\n            }\n            60% {\n                transform: translateY(-10px);\n            }\n        }\n\n        .icon {\n            display: inline-block;\n            font-size: 2rem;\n            cursor: pointer;\n            margin-right: 10px;\n            transition: transform 0.3s;\n        }\n\n        .icon-bounce {\n            animation: bounce 1s infinite;\n        }\n\n        .icon:hover {\n            transform: scale(1.2);\n        }\n\n        .section-content {\n            display: none;\n            margin-top: 10px;\n        }\n\n        .section-content.visible {\n            display: block;\n        }\n\n        .content {\n            max-width: 800px;\n            margin: 50px auto;\n            padding: 20px;\n            background: white;\n            box-shadow: 0 4px 10px rgba(0, 0, 0, 0.1);\n            border-radius: 8px;\n        }\n\n        .section {\n            margin-bottom: 30px;\n            padding: 20px;\n            border-radius: 8px;\n            background: #f9f9f9;\n            box-shadow: 0 2px 5px rgba(0, 0, 0, 0.1);\n        }\n\n        .section-title {\n            display: flex;\n            align-items: center;\n            font-size: 1.25rem;\n            font-weight: bold;\n            color: #4A3C99;\n        }\n\n        .section-number {\n            width: 30px;\n            height: 30px;\n            margin-right: 15px;\n            border-radius: 50%;\n            background-color: #6b21a8;\n            color: white;\n            display: flex;\n            justify-content: center;\n            align-items: center;\n            font-size: 1.25rem;\n        }\n    <\/style>\n<\/head>\n<body class=\"bg-gray-100\">\n    <div class=\"content\">\n        <h1>R\u00e8glement du Forum<\/h1>\n\n        <div id=\"respect\" class=\"section\">\n            <div class=\"section-title\">\n                <div class=\"section-number\">1<\/div>\n                <h3><span class=\"icon\" onclick=\"toggleSection('respectContent')\">\ud83e\udd1d<\/span> Respect et Courtoisie<\/h3>\n            <\/div>\n            <div id=\"respectContent\" class=\"section-content\">\n                <p>Les membres doivent faire preuve de respect et de courtoisie envers les autres utilisateurs. Aucun discours haineux, harc\u00e8lement ou discrimination ne sera tol\u00e9r\u00e9.<\/p>\n            <\/div>\n        <\/div>\n\n        <div id=\"contenu\" class=\"section\">\n            <div class=\"section-title\">\n                <div class=\"section-number\">2<\/div>\n                <h3><span class=\"icon\" onclick=\"toggleSection('contenuContent')\">\ud83d\udcdc<\/span> Contenu Autoris\u00e9<\/h3>\n            <\/div>\n            <div id=\"contenuContent\" class=\"section-content\">\n                <p>Les publications doivent respecter les lois en vigueur. Les contenus ill\u00e9gaux, diffamatoires ou inappropri\u00e9s sont interdits.<\/p>\n            <\/div>\n        <\/div>\n\n        <div id=\"publicite\" class=\"section\">\n            <div class=\"section-title\">\n                <div class=\"section-number\">3<\/div>\n                <h3><span class=\"icon\" onclick=\"toggleSection('publiciteContent')\">\ud83d\udeab<\/span> Publicit\u00e9 et Spam<\/h3>\n            <\/div>\n            <div id=\"publiciteContent\" class=\"section-content\">\n                <p>La publicit\u00e9 non autoris\u00e9e et le spam sont interdits. Tout contenu promotionnel doit \u00eatre valid\u00e9 par les administrateurs.<\/p>\n            <\/div>\n        <\/div>\n\n        <div id=\"moderation\" class=\"section\">\n            <div class=\"section-title\">\n                <div class=\"section-number\">4<\/div>\n                <h3><span class=\"icon\" onclick=\"toggleSection('moderationContent')\">\ud83d\udd27<\/span> Mod\u00e9ration<\/h3>\n            <\/div>\n            <div id=\"moderationContent\" class=\"section-content\">\n                <p>Les mod\u00e9rateurs sont l\u00e0 pour faire respecter les r\u00e8gles. Toute contestation des d\u00e9cisions doit se faire en message priv\u00e9 et non publiquement.<\/p>\n            <\/div>\n        <\/div>\n    <\/div>\n\n    <script>\n        function toggleSection(id) {\n            const section = document.getElementById(id);\n            section.classList.toggle('visible');\n        }\n    <\/script>\n<\/body>\n<\/html>\t\t\t\t<\/div>\n\t\t\t\t<\/div>\n\t\t\t\t\t<\/div>\n\t\t\t\t<\/div>\n\t\t\t\t<\/div>\n\t\t","protected":false},"excerpt":{"rendered":"<p>R\u00e8glement du Forum R\u00e8glement du Forum 1 \ud83e\udd1d Respect et Courtoisie Les membres doivent faire preuve de respect et de courtoisie envers les autres utilisateurs. Aucun discours haineux, harc\u00e8lement ou discrimination ne sera tol\u00e9r\u00e9. 2 \ud83d\udcdc Contenu Autoris\u00e9 Les publications doivent respecter les lois en vigueur. Les contenus ill\u00e9gaux, diffamatoires ou inappropri\u00e9s sont interdits. 3 [&hellip;]<\/p>\n","protected":false},"author":1,"featured_media":0,"parent":0,"menu_order":0,"comment_status":"closed","ping_status":"closed","template":"","meta":{"_bbp_topic_count":0,"_bbp_reply_count":0,"_bbp_total_topic_count":0,"_bbp_total_reply_count":0,"_bbp_voice_count":0,"_bbp_anonymous_reply_count":0,"_bbp_topic_count_hidden":0,"_bbp_reply_count_hidden":0,"_bbp_forum_subforum_count":0,"footnotes":""},"class_list":["post-897","page","type-page","status-publish","hentry"],"_links":{"self":[{"href":"https:\/\/forum.equilibrevital.net\/index.php\/wp-json\/wp\/v2\/pages\/897","targetHints":{"allow":["GET"]}}],"collection":[{"href":"https:\/\/forum.equilibrevital.net\/index.php\/wp-json\/wp\/v2\/pages"}],"about":[{"href":"https:\/\/forum.equilibrevital.net\/index.php\/wp-json\/wp\/v2\/types\/page"}],"author":[{"embeddable":true,"href":"https:\/\/forum.equilibrevital.net\/index.php\/wp-json\/wp\/v2\/users\/1"}],"replies":[{"embeddable":true,"href":"https:\/\/forum.equilibrevital.net\/index.php\/wp-json\/wp\/v2\/comments?post=897"}],"version-history":[{"count":60,"href":"https:\/\/forum.equilibrevital.net\/index.php\/wp-json\/wp\/v2\/pages\/897\/revisions"}],"predecessor-version":[{"id":3255,"href":"https:\/\/forum.equilibrevital.net\/index.php\/wp-json\/wp\/v2\/pages\/897\/revisions\/3255"}],"wp:attachment":[{"href":"https:\/\/forum.equilibrevital.net\/index.php\/wp-json\/wp\/v2\/media?parent=897"}],"curies":[{"name":"wp","href":"https:\/\/api.w.org\/{rel}","templated":true}]}}